{"id":1198,"date":"2024-10-03T13:48:05","date_gmt":"2024-10-03T13:48:05","guid":{"rendered":"https:\/\/unikenet.com\/quality-policy\/"},"modified":"2024-10-09T10:51:36","modified_gmt":"2024-10-09T10:51:36","slug":"quality-policy","status":"publish","type":"page","link":"https:\/\/unikenet.com\/pt-pt\/quality-policy\/","title":{"rendered":"Quality Policy"},"content":{"rendered":"<p>[vc_row][vc_column]<style>.ld_spacer_69e20c0b1a0c5{height:200px;}<\/style>\n<div class=\"ld-empty-space ld_spacer_69e20c0b1a0c5\"><\/div><style>.ld_fancy_heading_69e20c0b1a227 .lqd-highlight-inner{height:0.275em!important;bottom:0px!important;}<\/style><div class=\"ld-fancy-heading ld_fancy_heading_69e20c0b1a227\">\n\t<h2 class=\"ld-fh-element lqd-highlight-underline lqd-highlight-grow-left text-decoration-default\"   >  Pol\u00edtica de Qualidade<\/h2><\/div>[\/vc_column][\/vc_row][vc_row][vc_column][vc_column_text]A UNIKENET est\u00e1 empenhada em fornecer produtos e servi\u00e7os que satisfa\u00e7am plenamente os seus clientes, em evitar danos ambientais e em promover a seguran\u00e7a dos seus trabalhadores, raz\u00e3o pela qual integrou e definiu uma Pol\u00edtica baseada nos seguintes princ\u00edpios:<\/p>\n<ul>\n<li>Garantir a rentabilidade do neg\u00f3cio e a satisfa\u00e7\u00e3o dos clientes;<\/li>\n<li>Procurar a melhoria cont\u00ednua da Organiza\u00e7\u00e3o e das suas Pessoas;<\/li>\n<li>Assegurar o cumprimento do comportamento \u00e9tico nas rela\u00e7\u00f5es com os fornecedores;<\/li>\n<li>Assegurar o cumprimento de todos os requisitos legais aplic\u00e1veis;<\/li>\n<li>Desenvolver um processo de comunica\u00e7\u00e3o, tanto a n\u00edvel interno como externo, com o objetivo de informar os colaboradores, clientes e demais partes interessadas sobre aspetos de qualidade, ambiente e seguran\u00e7a;<\/li>\n<li>Contribuir para a prote\u00e7\u00e3o do ambiente, incluindo a preven\u00e7\u00e3o da polui\u00e7\u00e3o e a minimiza\u00e7\u00e3o de impactes ambientais significativos, nomeadamente atrav\u00e9s do controlo da produ\u00e7\u00e3o de res\u00edduos, da gest\u00e3o do seu tratamento e da minimiza\u00e7\u00e3o do consumo de recursos naturais;<\/li>\n<li>Identificar, avaliar e controlar os riscos existentes e potenciais para a seguran\u00e7a e sa\u00fade dos trabalhadores, promovendo a preven\u00e7\u00e3o de les\u00f5es, feridas e agravos de forma a aumentar o n\u00edvel de prote\u00e7\u00e3o, atrav\u00e9s da melhoria cont\u00ednua da a\u00e7\u00e3o preventiva;<\/li>\n<li>Promover a consulta e participa\u00e7\u00e3o dos trabalhadores, disponibilizando mecanismos que evitem barreiras \u00e0 sua participa\u00e7\u00e3o;<\/li>\n<li>Manter o Sistema Integrado de Gest\u00e3o, procedendo \u00e0 sua revis\u00e3o e defini\u00e7\u00e3o de objetivos e metas que permitam a melhoria cont\u00ednua, a preven\u00e7\u00e3o da polui\u00e7\u00e3o e a atualiza\u00e7\u00e3o permanente da Pol\u00edtica;<\/li>\n<li>Assegurar que esta Pol\u00edtica \u00e9 comunicada, compreendida e aplicada.<\/li>\n<\/ul>\n<p>[\/vc_column_text]<style>.ld_spacer_69e20c0b1a435{height:200px;}<\/style>\n<div class=\"ld-empty-space ld_spacer_69e20c0b1a435\"><\/div>[\/vc_column][\/vc_row]<\/p>\n","protected":false},"excerpt":{"rendered":"<p>[vc_row][vc_column][\/vc_column][\/vc_row][vc_row][vc_column][vc_column_text]A UNIKENET est\u00e1 empenhada em fornecer produtos e servi\u00e7os que satisfa\u00e7am plenamente os seus clientes, em evitar danos ambientais e em promover a seguran\u00e7a dos seus trabalhadores, raz\u00e3o pela qual integrou e definiu uma Pol\u00edtica baseada nos seguintes princ\u00edpios: Garantir a rentabilidade do neg\u00f3cio e a satisfa\u00e7\u00e3o dos clientes; Procurar a melhoria cont\u00ednua da Organiza\u00e7\u00e3o [&hellip;]<\/p>\n","protected":false},"author":1,"featured_media":0,"parent":0,"menu_order":0,"comment_status":"closed","ping_status":"closed","template":"","meta":{"footnotes":""},"class_list":["post-1198","page","type-page","status-publish","hentry"],"yoast_head":"<!-- This site is optimized with the Yoast SEO plugin v23.6 - https:\/\/yoast.com\/wordpress\/plugins\/seo\/ -->\n<title>Quality Policy - Unikenet<\/title>\n<meta name=\"robots\" content=\"index, follow, max-snippet:-1, max-image-preview:large, max-video-preview:-1\" \/>\n<link rel=\"canonical\" href=\"https:\/\/unikenet.com\/pt-pt\/quality-policy\/\" \/>\n<meta property=\"og:locale\" content=\"pt_PT\" \/>\n<meta property=\"og:type\" content=\"article\" \/>\n<meta property=\"og:title\" content=\"Quality Policy - Unikenet\" \/>\n<meta property=\"og:description\" content=\"[vc_row][vc_column][\/vc_column][\/vc_row][vc_row][vc_column][vc_column_text]A UNIKENET est\u00e1 empenhada em fornecer produtos e servi\u00e7os que satisfa\u00e7am plenamente os seus clientes, em evitar danos ambientais e em promover a seguran\u00e7a dos seus trabalhadores, raz\u00e3o pela qual integrou e definiu uma Pol\u00edtica baseada nos seguintes princ\u00edpios: Garantir a rentabilidade do neg\u00f3cio e a satisfa\u00e7\u00e3o dos clientes; Procurar a melhoria cont\u00ednua da Organiza\u00e7\u00e3o [&hellip;]\" \/>\n<meta property=\"og:url\" content=\"https:\/\/unikenet.com\/pt-pt\/quality-policy\/\" \/>\n<meta property=\"og:site_name\" content=\"Unikenet\" \/>\n<meta property=\"article:modified_time\" content=\"2024-10-09T10:51:36+00:00\" \/>\n<meta property=\"og:image\" content=\"https:\/\/unikenet.com\/wp-content\/uploads\/2024\/09\/unikenet-color.png\" \/>\n\t<meta property=\"og:image:width\" content=\"584\" \/>\n\t<meta property=\"og:image:height\" content=\"70\" \/>\n\t<meta property=\"og:image:type\" content=\"image\/png\" \/>\n<meta name=\"twitter:card\" content=\"summary_large_image\" \/>\n<meta name=\"twitter:label1\" content=\"Tempo estimado de leitura\" \/>\n\t<meta name=\"twitter:data1\" content=\"2 minutos\" \/>\n<script type=\"application\/ld+json\" class=\"yoast-schema-graph\">{\"@context\":\"https:\/\/schema.org\",\"@graph\":[{\"@type\":\"WebPage\",\"@id\":\"https:\/\/unikenet.com\/pt-pt\/quality-policy\/\",\"url\":\"https:\/\/unikenet.com\/pt-pt\/quality-policy\/\",\"name\":\"Quality Policy - Unikenet\",\"isPartOf\":{\"@id\":\"https:\/\/unikenet.com\/pt-pt\/#website\"},\"datePublished\":\"2024-10-03T13:48:05+00:00\",\"dateModified\":\"2024-10-09T10:51:36+00:00\",\"breadcrumb\":{\"@id\":\"https:\/\/unikenet.com\/pt-pt\/quality-policy\/#breadcrumb\"},\"inLanguage\":\"pt-PT\",\"potentialAction\":[{\"@type\":\"ReadAction\",\"target\":[\"https:\/\/unikenet.com\/pt-pt\/quality-policy\/\"]}]},{\"@type\":\"BreadcrumbList\",\"@id\":\"https:\/\/unikenet.com\/pt-pt\/quality-policy\/#breadcrumb\",\"itemListElement\":[{\"@type\":\"ListItem\",\"position\":1,\"name\":\"Home\",\"item\":\"https:\/\/unikenet.com\/pt-pt\/\"},{\"@type\":\"ListItem\",\"position\":2,\"name\":\"Quality Policy\"}]},{\"@type\":\"WebSite\",\"@id\":\"https:\/\/unikenet.com\/pt-pt\/#website\",\"url\":\"https:\/\/unikenet.com\/pt-pt\/\",\"name\":\"Unikenet\",\"description\":\"\",\"publisher\":{\"@id\":\"https:\/\/unikenet.com\/pt-pt\/#organization\"},\"potentialAction\":[{\"@type\":\"SearchAction\",\"target\":{\"@type\":\"EntryPoint\",\"urlTemplate\":\"https:\/\/unikenet.com\/pt-pt\/?s={search_term_string}\"},\"query-input\":{\"@type\":\"PropertyValueSpecification\",\"valueRequired\":true,\"valueName\":\"search_term_string\"}}],\"inLanguage\":\"pt-PT\"},{\"@type\":\"Organization\",\"@id\":\"https:\/\/unikenet.com\/pt-pt\/#organization\",\"name\":\"Unikenet\",\"url\":\"https:\/\/unikenet.com\/pt-pt\/\",\"logo\":{\"@type\":\"ImageObject\",\"inLanguage\":\"pt-PT\",\"@id\":\"https:\/\/unikenet.com\/pt-pt\/#\/schema\/logo\/image\/\",\"url\":\"https:\/\/unikenet.com\/wp-content\/uploads\/2024\/09\/unikenet-color.png\",\"contentUrl\":\"https:\/\/unikenet.com\/wp-content\/uploads\/2024\/09\/unikenet-color.png\",\"width\":584,\"height\":70,\"caption\":\"Unikenet\"},\"image\":{\"@id\":\"https:\/\/unikenet.com\/pt-pt\/#\/schema\/logo\/image\/\"},\"sameAs\":[\"https:\/\/pt.linkedin.com\/company\/unikenet\"]}]}<\/script>\n<!-- \/ Yoast SEO plugin. -->","yoast_head_json":{"title":"Quality Policy - Unikenet","robots":{"index":"index","follow":"follow","max-snippet":"max-snippet:-1","max-image-preview":"max-image-preview:large","max-video-preview":"max-video-preview:-1"},"canonical":"https:\/\/unikenet.com\/pt-pt\/quality-policy\/","og_locale":"pt_PT","og_type":"article","og_title":"Quality Policy - Unikenet","og_description":"[vc_row][vc_column][\/vc_column][\/vc_row][vc_row][vc_column][vc_column_text]A UNIKENET est\u00e1 empenhada em fornecer produtos e servi\u00e7os que satisfa\u00e7am plenamente os seus clientes, em evitar danos ambientais e em promover a seguran\u00e7a dos seus trabalhadores, raz\u00e3o pela qual integrou e definiu uma Pol\u00edtica baseada nos seguintes princ\u00edpios: Garantir a rentabilidade do neg\u00f3cio e a satisfa\u00e7\u00e3o dos clientes; Procurar a melhoria cont\u00ednua da Organiza\u00e7\u00e3o [&hellip;]","og_url":"https:\/\/unikenet.com\/pt-pt\/quality-policy\/","og_site_name":"Unikenet","article_modified_time":"2024-10-09T10:51:36+00:00","og_image":[{"width":584,"height":70,"url":"https:\/\/unikenet.com\/wp-content\/uploads\/2024\/09\/unikenet-color.png","type":"image\/png"}],"twitter_card":"summary_large_image","twitter_misc":{"Tempo estimado de leitura":"2 minutos"},"schema":{"@context":"https:\/\/schema.org","@graph":[{"@type":"WebPage","@id":"https:\/\/unikenet.com\/pt-pt\/quality-policy\/","url":"https:\/\/unikenet.com\/pt-pt\/quality-policy\/","name":"Quality Policy - Unikenet","isPartOf":{"@id":"https:\/\/unikenet.com\/pt-pt\/#website"},"datePublished":"2024-10-03T13:48:05+00:00","dateModified":"2024-10-09T10:51:36+00:00","breadcrumb":{"@id":"https:\/\/unikenet.com\/pt-pt\/quality-policy\/#breadcrumb"},"inLanguage":"pt-PT","potentialAction":[{"@type":"ReadAction","target":["https:\/\/unikenet.com\/pt-pt\/quality-policy\/"]}]},{"@type":"BreadcrumbList","@id":"https:\/\/unikenet.com\/pt-pt\/quality-policy\/#breadcrumb","itemListElement":[{"@type":"ListItem","position":1,"name":"Home","item":"https:\/\/unikenet.com\/pt-pt\/"},{"@type":"ListItem","position":2,"name":"Quality Policy"}]},{"@type":"WebSite","@id":"https:\/\/unikenet.com\/pt-pt\/#website","url":"https:\/\/unikenet.com\/pt-pt\/","name":"Unikenet","description":"","publisher":{"@id":"https:\/\/unikenet.com\/pt-pt\/#organization"},"potentialAction":[{"@type":"SearchAction","target":{"@type":"EntryPoint","urlTemplate":"https:\/\/unikenet.com\/pt-pt\/?s={search_term_string}"},"query-input":{"@type":"PropertyValueSpecification","valueRequired":true,"valueName":"search_term_string"}}],"inLanguage":"pt-PT"},{"@type":"Organization","@id":"https:\/\/unikenet.com\/pt-pt\/#organization","name":"Unikenet","url":"https:\/\/unikenet.com\/pt-pt\/","logo":{"@type":"ImageObject","inLanguage":"pt-PT","@id":"https:\/\/unikenet.com\/pt-pt\/#\/schema\/logo\/image\/","url":"https:\/\/unikenet.com\/wp-content\/uploads\/2024\/09\/unikenet-color.png","contentUrl":"https:\/\/unikenet.com\/wp-content\/uploads\/2024\/09\/unikenet-color.png","width":584,"height":70,"caption":"Unikenet"},"image":{"@id":"https:\/\/unikenet.com\/pt-pt\/#\/schema\/logo\/image\/"},"sameAs":["https:\/\/pt.linkedin.com\/company\/unikenet"]}]}},"_links":{"self":[{"href":"https:\/\/unikenet.com\/pt-pt\/wp-json\/wp\/v2\/pages\/1198","targetHints":{"allow":["GET"]}}],"collection":[{"href":"https:\/\/unikenet.com\/pt-pt\/wp-json\/wp\/v2\/pages"}],"about":[{"href":"https:\/\/unikenet.com\/pt-pt\/wp-json\/wp\/v2\/types\/page"}],"author":[{"embeddable":true,"href":"https:\/\/unikenet.com\/pt-pt\/wp-json\/wp\/v2\/users\/1"}],"replies":[{"embeddable":true,"href":"https:\/\/unikenet.com\/pt-pt\/wp-json\/wp\/v2\/comments?post=1198"}],"version-history":[{"count":0,"href":"https:\/\/unikenet.com\/pt-pt\/wp-json\/wp\/v2\/pages\/1198\/revisions"}],"wp:attachment":[{"href":"https:\/\/unikenet.com\/pt-pt\/wp-json\/wp\/v2\/media?parent=1198"}],"curies":[{"name":"wp","href":"https:\/\/api.w.org\/{rel}","templated":true}]}}