{"id":1194,"date":"2024-10-03T13:36:32","date_gmt":"2024-10-03T13:36:32","guid":{"rendered":"https:\/\/unikenet.com\/privacy-policy\/"},"modified":"2024-10-09T10:42:21","modified_gmt":"2024-10-09T10:42:21","slug":"privacy-policy","status":"publish","type":"page","link":"https:\/\/unikenet.com\/pt-pt\/privacy-policy\/","title":{"rendered":"Pol\u00edtica de Privacidade"},"content":{"rendered":"<p>[vc_row][vc_column]<style>.ld_spacer_69e20f018d739{height:200px;}<\/style>\n<div class=\"ld-empty-space ld_spacer_69e20f018d739\"><\/div><style>.ld_fancy_heading_69e20f018d8e3 .lqd-highlight-inner{height:0.275em!important;bottom:0px!important;}<\/style><div class=\"ld-fancy-heading ld_fancy_heading_69e20f018d8e3\">\n\t<h2 class=\"ld-fh-element lqd-highlight-underline lqd-highlight-grow-left text-decoration-default\"   >  Pol\u00edtica de Privacidade<\/h2><\/div>[\/vc_column][\/vc_row][vc_row][vc_column][vc_column_text]A sua privacidade \u00e9 importante para n\u00f3s.<\/p>\n<p>\u00c9 pol\u00edtica da Unikenet respeitar a sua privacidade em rela\u00e7\u00e3o a qualquer informa\u00e7\u00e3o que possamos recolher sobre unikenet.com e outros sites que possu\u00edmos e operamos. S\u00f3 solicitamos informa\u00e7\u00f5es pessoais quando realmente precisamos delas para lhe prestar um servi\u00e7o. Fazemo-lo por meios justos e legais, com o seu conhecimento e consentimento. Tamb\u00e9m lhe dizemos porque estamos a recolh\u00ea-lo e como ser\u00e1 utilizado.<\/p>\n<p>Apenas retemos as informa\u00e7\u00f5es que recolhemos durante o tempo necess\u00e1rio para prestar o servi\u00e7o que solicitou. Quando armazenamos dados, protegemo-los dentro de meios comercialmente aceit\u00e1veis para evitar perda e roubo, bem como acesso, divulga\u00e7\u00e3o, c\u00f3pia, uso ou modifica\u00e7\u00e3o n\u00e3o autorizados.<\/p>\n<p>N\u00f3s n\u00e3o compartilhamos informa\u00e7\u00f5es pessoais identific\u00e1veis publicamente ou com terceiros, exceto conforme exigido por lei.<\/p>\n<p>Nosso site pode ter links para sites externos que n\u00e3o s\u00e3o operados por n\u00f3s. Por favor, esteja ciente de que n\u00e3o temos controle sobre o conte\u00fado e as pr\u00e1ticas desses sites e n\u00e3o podemos aceitar responsabilidade por suas respetivas pol\u00edticas de privacidade.<\/p>\n<p>Voc\u00ea \u00e9 livre para recusar nosso pedido de informa\u00e7\u00f5es pessoais no entendimento de que podemos n\u00e3o ser capazes de fornecer alguns dos servi\u00e7os que voc\u00ea precisa.<\/p>\n<p>O uso continuado do nosso site ser\u00e1 considerado como aceita\u00e7\u00e3o das nossas pr\u00e1ticas em torno da privacidade e informa\u00e7\u00f5es pessoais. Se voc\u00ea tiver alguma d\u00favida sobre como lidamos com dados de usu\u00e1rios e informa\u00e7\u00f5es pessoais, entre em contato conosco.<\/p>\n<p>&nbsp;<\/p>\n<p><strong>SEDE<\/strong><br \/>\nRua Cidade de Goa n\u00ba 24, 3\u00ba andar \u2013 Escrit\u00f3rio 1<br \/>\n2685-038 Sacav\u00e9m, Portugal<\/p>\n<p><strong>CONTACTOS GERAIS<\/strong><br \/>\nTelefone: +351 924 057 810<br \/>\nEmail: info@unikenet.com<\/p>\n<p><strong>HOR\u00c1RIO<\/strong><br \/>\nSemana: 9:00am \u2013 6:30pm<br \/>\nS\u00e1bado e Domingos: Closed[\/vc_column_text]<style>.ld_spacer_69e20f018db05{height:200px;}<\/style>\n<div class=\"ld-empty-space ld_spacer_69e20f018db05\"><\/div>[\/vc_column][\/vc_row]<\/p>\n","protected":false},"excerpt":{"rendered":"<p>[vc_row][vc_column][\/vc_column][\/vc_row][vc_row][vc_column][vc_column_text]A sua privacidade \u00e9 importante para n\u00f3s. \u00c9 pol\u00edtica da Unikenet respeitar a sua privacidade em rela\u00e7\u00e3o a qualquer informa\u00e7\u00e3o que possamos recolher sobre unikenet.com e outros sites que possu\u00edmos e operamos. S\u00f3 solicitamos informa\u00e7\u00f5es pessoais quando realmente precisamos delas para lhe prestar um servi\u00e7o. Fazemo-lo por meios justos e legais, com o seu conhecimento [&hellip;]<\/p>\n","protected":false},"author":1,"featured_media":0,"parent":0,"menu_order":0,"comment_status":"closed","ping_status":"closed","template":"","meta":{"footnotes":""},"class_list":["post-1194","page","type-page","status-publish","hentry"],"yoast_head":"<!-- This site is optimized with the Yoast SEO plugin v23.6 - https:\/\/yoast.com\/wordpress\/plugins\/seo\/ -->\n<title>Pol\u00edtica de Privacidade - Unikenet<\/title>\n<meta name=\"robots\" content=\"index, follow, max-snippet:-1, max-image-preview:large, max-video-preview:-1\" \/>\n<link rel=\"canonical\" href=\"https:\/\/unikenet.com\/pt-pt\/privacy-policy\/\" \/>\n<meta property=\"og:locale\" content=\"pt_PT\" \/>\n<meta property=\"og:type\" content=\"article\" \/>\n<meta property=\"og:title\" content=\"Pol\u00edtica de Privacidade - Unikenet\" \/>\n<meta property=\"og:description\" content=\"[vc_row][vc_column][\/vc_column][\/vc_row][vc_row][vc_column][vc_column_text]A sua privacidade \u00e9 importante para n\u00f3s. \u00c9 pol\u00edtica da Unikenet respeitar a sua privacidade em rela\u00e7\u00e3o a qualquer informa\u00e7\u00e3o que possamos recolher sobre unikenet.com e outros sites que possu\u00edmos e operamos. S\u00f3 solicitamos informa\u00e7\u00f5es pessoais quando realmente precisamos delas para lhe prestar um servi\u00e7o. Fazemo-lo por meios justos e legais, com o seu conhecimento [&hellip;]\" \/>\n<meta property=\"og:url\" content=\"https:\/\/unikenet.com\/pt-pt\/privacy-policy\/\" \/>\n<meta property=\"og:site_name\" content=\"Unikenet\" \/>\n<meta property=\"article:modified_time\" content=\"2024-10-09T10:42:21+00:00\" \/>\n<meta property=\"og:image\" content=\"https:\/\/unikenet.com\/wp-content\/uploads\/2024\/09\/unikenet-color.png\" \/>\n\t<meta property=\"og:image:width\" content=\"584\" \/>\n\t<meta property=\"og:image:height\" content=\"70\" \/>\n\t<meta property=\"og:image:type\" content=\"image\/png\" \/>\n<meta name=\"twitter:card\" content=\"summary_large_image\" \/>\n<meta name=\"twitter:label1\" content=\"Tempo estimado de leitura\" \/>\n\t<meta name=\"twitter:data1\" content=\"2 minutos\" \/>\n<script type=\"application\/ld+json\" class=\"yoast-schema-graph\">{\"@context\":\"https:\/\/schema.org\",\"@graph\":[{\"@type\":\"WebPage\",\"@id\":\"https:\/\/unikenet.com\/pt-pt\/privacy-policy\/\",\"url\":\"https:\/\/unikenet.com\/pt-pt\/privacy-policy\/\",\"name\":\"Pol\u00edtica de Privacidade - Unikenet\",\"isPartOf\":{\"@id\":\"https:\/\/unikenet.com\/pt-pt\/#website\"},\"datePublished\":\"2024-10-03T13:36:32+00:00\",\"dateModified\":\"2024-10-09T10:42:21+00:00\",\"breadcrumb\":{\"@id\":\"https:\/\/unikenet.com\/pt-pt\/privacy-policy\/#breadcrumb\"},\"inLanguage\":\"pt-PT\",\"potentialAction\":[{\"@type\":\"ReadAction\",\"target\":[\"https:\/\/unikenet.com\/pt-pt\/privacy-policy\/\"]}]},{\"@type\":\"BreadcrumbList\",\"@id\":\"https:\/\/unikenet.com\/pt-pt\/privacy-policy\/#breadcrumb\",\"itemListElement\":[{\"@type\":\"ListItem\",\"position\":1,\"name\":\"Home\",\"item\":\"https:\/\/unikenet.com\/pt-pt\/\"},{\"@type\":\"ListItem\",\"position\":2,\"name\":\"Pol\u00edtica de Privacidade\"}]},{\"@type\":\"WebSite\",\"@id\":\"https:\/\/unikenet.com\/pt-pt\/#website\",\"url\":\"https:\/\/unikenet.com\/pt-pt\/\",\"name\":\"Unikenet\",\"description\":\"\",\"publisher\":{\"@id\":\"https:\/\/unikenet.com\/pt-pt\/#organization\"},\"potentialAction\":[{\"@type\":\"SearchAction\",\"target\":{\"@type\":\"EntryPoint\",\"urlTemplate\":\"https:\/\/unikenet.com\/pt-pt\/?s={search_term_string}\"},\"query-input\":{\"@type\":\"PropertyValueSpecification\",\"valueRequired\":true,\"valueName\":\"search_term_string\"}}],\"inLanguage\":\"pt-PT\"},{\"@type\":\"Organization\",\"@id\":\"https:\/\/unikenet.com\/pt-pt\/#organization\",\"name\":\"Unikenet\",\"url\":\"https:\/\/unikenet.com\/pt-pt\/\",\"logo\":{\"@type\":\"ImageObject\",\"inLanguage\":\"pt-PT\",\"@id\":\"https:\/\/unikenet.com\/pt-pt\/#\/schema\/logo\/image\/\",\"url\":\"https:\/\/unikenet.com\/wp-content\/uploads\/2024\/09\/unikenet-color.png\",\"contentUrl\":\"https:\/\/unikenet.com\/wp-content\/uploads\/2024\/09\/unikenet-color.png\",\"width\":584,\"height\":70,\"caption\":\"Unikenet\"},\"image\":{\"@id\":\"https:\/\/unikenet.com\/pt-pt\/#\/schema\/logo\/image\/\"},\"sameAs\":[\"https:\/\/pt.linkedin.com\/company\/unikenet\"]}]}<\/script>\n<!-- \/ Yoast SEO plugin. -->","yoast_head_json":{"title":"Pol\u00edtica de Privacidade - Unikenet","robots":{"index":"index","follow":"follow","max-snippet":"max-snippet:-1","max-image-preview":"max-image-preview:large","max-video-preview":"max-video-preview:-1"},"canonical":"https:\/\/unikenet.com\/pt-pt\/privacy-policy\/","og_locale":"pt_PT","og_type":"article","og_title":"Pol\u00edtica de Privacidade - Unikenet","og_description":"[vc_row][vc_column][\/vc_column][\/vc_row][vc_row][vc_column][vc_column_text]A sua privacidade \u00e9 importante para n\u00f3s. \u00c9 pol\u00edtica da Unikenet respeitar a sua privacidade em rela\u00e7\u00e3o a qualquer informa\u00e7\u00e3o que possamos recolher sobre unikenet.com e outros sites que possu\u00edmos e operamos. S\u00f3 solicitamos informa\u00e7\u00f5es pessoais quando realmente precisamos delas para lhe prestar um servi\u00e7o. Fazemo-lo por meios justos e legais, com o seu conhecimento [&hellip;]","og_url":"https:\/\/unikenet.com\/pt-pt\/privacy-policy\/","og_site_name":"Unikenet","article_modified_time":"2024-10-09T10:42:21+00:00","og_image":[{"width":584,"height":70,"url":"https:\/\/unikenet.com\/wp-content\/uploads\/2024\/09\/unikenet-color.png","type":"image\/png"}],"twitter_card":"summary_large_image","twitter_misc":{"Tempo estimado de leitura":"2 minutos"},"schema":{"@context":"https:\/\/schema.org","@graph":[{"@type":"WebPage","@id":"https:\/\/unikenet.com\/pt-pt\/privacy-policy\/","url":"https:\/\/unikenet.com\/pt-pt\/privacy-policy\/","name":"Pol\u00edtica de Privacidade - Unikenet","isPartOf":{"@id":"https:\/\/unikenet.com\/pt-pt\/#website"},"datePublished":"2024-10-03T13:36:32+00:00","dateModified":"2024-10-09T10:42:21+00:00","breadcrumb":{"@id":"https:\/\/unikenet.com\/pt-pt\/privacy-policy\/#breadcrumb"},"inLanguage":"pt-PT","potentialAction":[{"@type":"ReadAction","target":["https:\/\/unikenet.com\/pt-pt\/privacy-policy\/"]}]},{"@type":"BreadcrumbList","@id":"https:\/\/unikenet.com\/pt-pt\/privacy-policy\/#breadcrumb","itemListElement":[{"@type":"ListItem","position":1,"name":"Home","item":"https:\/\/unikenet.com\/pt-pt\/"},{"@type":"ListItem","position":2,"name":"Pol\u00edtica de Privacidade"}]},{"@type":"WebSite","@id":"https:\/\/unikenet.com\/pt-pt\/#website","url":"https:\/\/unikenet.com\/pt-pt\/","name":"Unikenet","description":"","publisher":{"@id":"https:\/\/unikenet.com\/pt-pt\/#organization"},"potentialAction":[{"@type":"SearchAction","target":{"@type":"EntryPoint","urlTemplate":"https:\/\/unikenet.com\/pt-pt\/?s={search_term_string}"},"query-input":{"@type":"PropertyValueSpecification","valueRequired":true,"valueName":"search_term_string"}}],"inLanguage":"pt-PT"},{"@type":"Organization","@id":"https:\/\/unikenet.com\/pt-pt\/#organization","name":"Unikenet","url":"https:\/\/unikenet.com\/pt-pt\/","logo":{"@type":"ImageObject","inLanguage":"pt-PT","@id":"https:\/\/unikenet.com\/pt-pt\/#\/schema\/logo\/image\/","url":"https:\/\/unikenet.com\/wp-content\/uploads\/2024\/09\/unikenet-color.png","contentUrl":"https:\/\/unikenet.com\/wp-content\/uploads\/2024\/09\/unikenet-color.png","width":584,"height":70,"caption":"Unikenet"},"image":{"@id":"https:\/\/unikenet.com\/pt-pt\/#\/schema\/logo\/image\/"},"sameAs":["https:\/\/pt.linkedin.com\/company\/unikenet"]}]}},"_links":{"self":[{"href":"https:\/\/unikenet.com\/pt-pt\/wp-json\/wp\/v2\/pages\/1194","targetHints":{"allow":["GET"]}}],"collection":[{"href":"https:\/\/unikenet.com\/pt-pt\/wp-json\/wp\/v2\/pages"}],"about":[{"href":"https:\/\/unikenet.com\/pt-pt\/wp-json\/wp\/v2\/types\/page"}],"author":[{"embeddable":true,"href":"https:\/\/unikenet.com\/pt-pt\/wp-json\/wp\/v2\/users\/1"}],"replies":[{"embeddable":true,"href":"https:\/\/unikenet.com\/pt-pt\/wp-json\/wp\/v2\/comments?post=1194"}],"version-history":[{"count":0,"href":"https:\/\/unikenet.com\/pt-pt\/wp-json\/wp\/v2\/pages\/1194\/revisions"}],"wp:attachment":[{"href":"https:\/\/unikenet.com\/pt-pt\/wp-json\/wp\/v2\/media?parent=1194"}],"curies":[{"name":"wp","href":"https:\/\/api.w.org\/{rel}","templated":true}]}}