{"id":1188,"date":"2024-10-03T13:51:18","date_gmt":"2024-10-03T13:51:18","guid":{"rendered":"https:\/\/unikenet.com\/cookie-policy\/"},"modified":"2024-10-09T10:29:35","modified_gmt":"2024-10-09T10:29:35","slug":"cookie-policy","status":"publish","type":"page","link":"https:\/\/unikenet.com\/pt-pt\/cookie-policy\/","title":{"rendered":"Pol\u00edtica de Cookies"},"content":{"rendered":"<p>[vc_row][vc_column]<style>.ld_spacer_69e4b36b7f53e{height:200px;}<\/style>\n<div class=\"ld-empty-space ld_spacer_69e4b36b7f53e\"><\/div><style>.ld_fancy_heading_69e4b36b7f6bd .lqd-highlight-inner{height:0.275em!important;bottom:0px!important;}<\/style><div class=\"ld-fancy-heading ld_fancy_heading_69e4b36b7f6bd\">\n\t<h2 class=\"ld-fh-element lqd-highlight-underline lqd-highlight-grow-left text-decoration-default\"   >  Pol\u00edtica de Cookies<\/h2><\/div>[\/vc_column][\/vc_row][vc_row][vc_column][vc_column_text]<strong>A UNIKENET, S. A. compromete-se a cumprir a legisla\u00e7\u00e3o em vigor em todos os momentos e de acordo com esta pol\u00edtica de cookies. Por favor, leia atentamente a nossa pol\u00edtica de cookies.<\/strong><\/p>\n<p><strong>O QUE S\u00c3O COOKIES?<\/strong><br \/>\nComo \u00e9 pr\u00e1tica comum em quase todos os sites profissionais, este site usa cookies, que s\u00e3o pequenos arquivos baixados para o seu computador, para melhorar a sua experi\u00eancia. Esta p\u00e1gina descreve quais informa\u00e7\u00f5es eles coletam, como as usamos e por que \u00e0s vezes precisamos armazenar esses cookies. Tamb\u00e9m compartilharemos como voc\u00ea pode impedir que esses cookies sejam armazenados, no entanto, isso pode fazer downgrade ou &#8220;quebrar&#8221; certos elementos da funcionalidade do site.<\/p>\n<p><strong>COMO UTILIZAMOS OS COOKIES?<\/strong><br \/>\nUsamos cookies por v\u00e1rios motivos, detalhados abaixo. Infelizmente, na maioria dos casos, n\u00e3o h\u00e1 op\u00e7\u00f5es padr\u00e3o da ind\u00fastria para desativar os cookies sem desativar completamente a funcionalidade e os recursos que eles adicionam a este site. Recomenda-se que deixe todos os cookies se n\u00e3o tiver a certeza se precisa ou n\u00e3o deles se forem utilizados para fornecer um servi\u00e7o que utiliza.<\/p>\n<p><strong>DESACTIVAR COOKIES<\/strong><br \/>\nPode impedir a configura\u00e7\u00e3o de cookies ajustando as configura\u00e7\u00f5es do seu navegador (consulte a Ajuda do seu navegador para saber como fazer isso). Por favor, esteja ciente de que desativar os cookies afetar\u00e1 a funcionalidade deste e de muitos outros sites que voc\u00ea visita. A desativa\u00e7\u00e3o dos cookies geralmente resultar\u00e1 na desativa\u00e7\u00e3o de certas funcionalidades e recursos deste site. Recomenda-se, portanto, que n\u00e3o desative os cookies.<\/p>\n<p><strong>COOKIES QUE DEFINIMOS<\/strong><br \/>\n<strong>Cookies relacionados com a conta<\/strong><br \/>\nSe criar uma conta connosco, utilizaremos cookies para a gest\u00e3o do processo de registo e administra\u00e7\u00e3o geral. Esses cookies geralmente ser\u00e3o exclu\u00eddos quando voc\u00ea sair, mas, em alguns casos, eles podem permanecer depois para lembrar suas prefer\u00eancias do site quando voc\u00ea sair.<\/p>\n<p><strong>Cookies relacionados com o in\u00edcio de sess\u00e3o<\/strong><br \/>\nUtilizamos cookies quando inicia sess\u00e3o para que nos lembremos desta a\u00e7\u00e3o. Isso evita que voc\u00ea tenha que fazer login toda vez que visitar uma nova p\u00e1gina. Estes cookies s\u00e3o normalmente removidos ou apagados quando termina a sess\u00e3o para garantir que s\u00f3 pode aceder a funcionalidades e \u00e1reas restritas quando inicia sess\u00e3o.<\/p>\n<p><strong>Cookies relacionados com newsletters por e-mail<\/strong><br \/>\nEste website oferece servi\u00e7os de subscri\u00e7\u00e3o de newsletter ou e-mail e os cookies podem ser utilizados para lembrar se j\u00e1 est\u00e1 registado e se pretende mostrar determinadas notifica\u00e7\u00f5es v\u00e1lidas apenas para utilizadores registados\/n\u00e3o subscritos.<\/p>\n<p><strong>Pedidos de processamento de cookies relacionados<\/strong><br \/>\nEste site oferece com\u00e9rcio eletr\u00f4nico ou facilidades de pagamento, e alguns cookies s\u00e3o essenciais para garantir que seu pedido seja lembrado entre as p\u00e1ginas para que possamos process\u00e1-lo corretamente.<\/p>\n<p><strong>Cookies relacionados com inqu\u00e9ritos<\/strong><br \/>\nOferecemos periodicamente inqu\u00e9ritos e question\u00e1rios para fornecer informa\u00e7\u00f5es interessantes, ferramentas \u00fateis ou para compreender a nossa base de utilizadores com maior precis\u00e3o. Essas pesquisas podem usar cookies para lembrar quem j\u00e1 participou de uma pesquisa ou para fornecer resultados precisos ap\u00f3s a altera\u00e7\u00e3o de p\u00e1ginas.<\/p>\n<p><strong>Cookies relacionados a formul\u00e1rios<\/strong><br \/>\nQuando voc\u00ea envia dados por meio de um formul\u00e1rio como os encontrados em p\u00e1ginas de contato ou formul\u00e1rios de coment\u00e1rios, os cookies podem ser configurados para lembrar detalhes do usu\u00e1rio para correspond\u00eancia futura.<\/p>\n<p><strong>Cookies de prefer\u00eancia do site<\/strong><br \/>\nPara lhe proporcionar uma \u00f3tima experi\u00eancia neste site, fornecemos a funcionalidade para definir suas prefer\u00eancias de como este site funciona quando voc\u00ea o usa. Para lembrar suas prefer\u00eancias, precisamos definir cookies para que essas informa\u00e7\u00f5es possam ser chamadas sempre que voc\u00ea interagir com uma p\u00e1gina afetada por suas prefer\u00eancias.<\/p>\n<p><strong>COOKIES DE TERCEIROS<\/strong><br \/>\nEm alguns casos especiais, tamb\u00e9m usamos cookies fornecidos por terceiros confi\u00e1veis. A se\u00e7\u00e3o a seguir detalha quais cookies de terceiros voc\u00ea pode encontrar atrav\u00e9s deste site.<\/p>\n<p>Este site usa o Google Analytics, que \u00e9 uma das solu\u00e7\u00f5es de an\u00e1lise mais difundidas e confi\u00e1veis na web, para nos ajudar a entender como voc\u00ea usa o site e como podemos melhorar sua experi\u00eancia. Esses cookies podem rastrear coisas como quanto tempo voc\u00ea passa no site e as p\u00e1ginas que visita, para que possamos continuar a produzir conte\u00fado atraente.<\/p>\n<p>Para obter mais informa\u00e7\u00f5es sobre os cookies do Google Analytics, consulte a p\u00e1gina oficial do Google Analytics.<\/p>\n<p>An\u00e1lises de terceiros s\u00e3o usadas para rastrear e medir o uso deste site para que possamos continuar a produzir conte\u00fado envolvente. Esses cookies podem rastrear itens como o tempo que voc\u00ea passa no site ou as p\u00e1ginas que voc\u00ea visita, o que nos ajuda a entender como podemos melhorar o site para voc\u00ea.<\/p>\n<p>Testamos periodicamente novas funcionalidades e fazemos altera\u00e7\u00f5es subtis ao aspeto do site. Quando ainda estamos testando novos recursos, esses cookies podem ser usados para garantir que voc\u00ea receba uma experi\u00eancia consistente enquanto estiver no site, enquanto entendemos quais otimiza\u00e7\u00f5es nossos usu\u00e1rios mais apreciam.<\/p>\n<p>Como vendemos produtos, \u00e9 importante para n\u00f3s entender as estat\u00edsticas sobre quantos visitantes do nosso site compram, e por isso este \u00e9 o tipo de dados que esses cookies rastrear\u00e3o. Isso \u00e9 importante para voc\u00ea, pois significa que podemos fazer previs\u00f5es de neg\u00f3cios com precis\u00e3o que nos permitem analisar nossos custos de publicidade e produtos para garantir o melhor pre\u00e7o poss\u00edvel.<\/p>\n<p>Espero que isso esteja claro e, como mencionado anteriormente, se houver algo que voc\u00ea n\u00e3o tem certeza se precisa ou n\u00e3o, geralmente \u00e9 mais seguro deixar os cookies ativados se voc\u00ea interagir com um dos recursos que voc\u00ea usa em nosso site.<\/p>\n<p><strong>Esta pol\u00edtica entra em vigor a partir de abril|2024<\/strong>[\/vc_column_text]<style>.ld_spacer_69e4b36b7f8af{height:200px;}<\/style>\n<div class=\"ld-empty-space ld_spacer_69e4b36b7f8af\"><\/div>[\/vc_column][\/vc_row]<\/p>\n","protected":false},"excerpt":{"rendered":"<p>[vc_row][vc_column][\/vc_column][\/vc_row][vc_row][vc_column][vc_column_text]A UNIKENET, S. A. compromete-se a cumprir a legisla\u00e7\u00e3o em vigor em todos os momentos e de acordo com esta pol\u00edtica de cookies. Por favor, leia atentamente a nossa pol\u00edtica de cookies. O QUE S\u00c3O COOKIES? Como \u00e9 pr\u00e1tica comum em quase todos os sites profissionais, este site usa cookies, que s\u00e3o pequenos arquivos baixados [&hellip;]<\/p>\n","protected":false},"author":1,"featured_media":0,"parent":0,"menu_order":0,"comment_status":"closed","ping_status":"closed","template":"","meta":{"footnotes":""},"class_list":["post-1188","page","type-page","status-publish","hentry"],"yoast_head":"<!-- This site is optimized with the Yoast SEO plugin v23.6 - https:\/\/yoast.com\/wordpress\/plugins\/seo\/ -->\n<title>Pol\u00edtica de Cookies - Unikenet<\/title>\n<meta name=\"robots\" content=\"index, follow, max-snippet:-1, max-image-preview:large, max-video-preview:-1\" \/>\n<link rel=\"canonical\" href=\"https:\/\/unikenet.com\/pt-pt\/cookie-policy\/\" \/>\n<meta property=\"og:locale\" content=\"pt_PT\" \/>\n<meta property=\"og:type\" content=\"article\" \/>\n<meta property=\"og:title\" content=\"Pol\u00edtica de Cookies - Unikenet\" \/>\n<meta property=\"og:description\" content=\"[vc_row][vc_column][\/vc_column][\/vc_row][vc_row][vc_column][vc_column_text]A UNIKENET, S. A. compromete-se a cumprir a legisla\u00e7\u00e3o em vigor em todos os momentos e de acordo com esta pol\u00edtica de cookies. Por favor, leia atentamente a nossa pol\u00edtica de cookies. O QUE S\u00c3O COOKIES? Como \u00e9 pr\u00e1tica comum em quase todos os sites profissionais, este site usa cookies, que s\u00e3o pequenos arquivos baixados [&hellip;]\" \/>\n<meta property=\"og:url\" content=\"https:\/\/unikenet.com\/pt-pt\/cookie-policy\/\" \/>\n<meta property=\"og:site_name\" content=\"Unikenet\" \/>\n<meta property=\"article:modified_time\" content=\"2024-10-09T10:29:35+00:00\" \/>\n<meta property=\"og:image\" content=\"https:\/\/unikenet.com\/wp-content\/uploads\/2024\/09\/unikenet-color.png\" \/>\n\t<meta property=\"og:image:width\" content=\"584\" \/>\n\t<meta property=\"og:image:height\" content=\"70\" \/>\n\t<meta property=\"og:image:type\" content=\"image\/png\" \/>\n<meta name=\"twitter:card\" content=\"summary_large_image\" \/>\n<meta name=\"twitter:label1\" content=\"Tempo estimado de leitura\" \/>\n\t<meta name=\"twitter:data1\" content=\"5 minutos\" \/>\n<script type=\"application\/ld+json\" class=\"yoast-schema-graph\">{\"@context\":\"https:\/\/schema.org\",\"@graph\":[{\"@type\":\"WebPage\",\"@id\":\"https:\/\/unikenet.com\/pt-pt\/cookie-policy\/\",\"url\":\"https:\/\/unikenet.com\/pt-pt\/cookie-policy\/\",\"name\":\"Pol\u00edtica de Cookies - Unikenet\",\"isPartOf\":{\"@id\":\"https:\/\/unikenet.com\/pt-pt\/#website\"},\"datePublished\":\"2024-10-03T13:51:18+00:00\",\"dateModified\":\"2024-10-09T10:29:35+00:00\",\"breadcrumb\":{\"@id\":\"https:\/\/unikenet.com\/pt-pt\/cookie-policy\/#breadcrumb\"},\"inLanguage\":\"pt-PT\",\"potentialAction\":[{\"@type\":\"ReadAction\",\"target\":[\"https:\/\/unikenet.com\/pt-pt\/cookie-policy\/\"]}]},{\"@type\":\"BreadcrumbList\",\"@id\":\"https:\/\/unikenet.com\/pt-pt\/cookie-policy\/#breadcrumb\",\"itemListElement\":[{\"@type\":\"ListItem\",\"position\":1,\"name\":\"Home\",\"item\":\"https:\/\/unikenet.com\/pt-pt\/\"},{\"@type\":\"ListItem\",\"position\":2,\"name\":\"Pol\u00edtica de Cookies\"}]},{\"@type\":\"WebSite\",\"@id\":\"https:\/\/unikenet.com\/pt-pt\/#website\",\"url\":\"https:\/\/unikenet.com\/pt-pt\/\",\"name\":\"Unikenet\",\"description\":\"\",\"publisher\":{\"@id\":\"https:\/\/unikenet.com\/pt-pt\/#organization\"},\"potentialAction\":[{\"@type\":\"SearchAction\",\"target\":{\"@type\":\"EntryPoint\",\"urlTemplate\":\"https:\/\/unikenet.com\/pt-pt\/?s={search_term_string}\"},\"query-input\":{\"@type\":\"PropertyValueSpecification\",\"valueRequired\":true,\"valueName\":\"search_term_string\"}}],\"inLanguage\":\"pt-PT\"},{\"@type\":\"Organization\",\"@id\":\"https:\/\/unikenet.com\/pt-pt\/#organization\",\"name\":\"Unikenet\",\"url\":\"https:\/\/unikenet.com\/pt-pt\/\",\"logo\":{\"@type\":\"ImageObject\",\"inLanguage\":\"pt-PT\",\"@id\":\"https:\/\/unikenet.com\/pt-pt\/#\/schema\/logo\/image\/\",\"url\":\"https:\/\/unikenet.com\/wp-content\/uploads\/2024\/09\/unikenet-color.png\",\"contentUrl\":\"https:\/\/unikenet.com\/wp-content\/uploads\/2024\/09\/unikenet-color.png\",\"width\":584,\"height\":70,\"caption\":\"Unikenet\"},\"image\":{\"@id\":\"https:\/\/unikenet.com\/pt-pt\/#\/schema\/logo\/image\/\"},\"sameAs\":[\"https:\/\/pt.linkedin.com\/company\/unikenet\"]}]}<\/script>\n<!-- \/ Yoast SEO plugin. -->","yoast_head_json":{"title":"Pol\u00edtica de Cookies - Unikenet","robots":{"index":"index","follow":"follow","max-snippet":"max-snippet:-1","max-image-preview":"max-image-preview:large","max-video-preview":"max-video-preview:-1"},"canonical":"https:\/\/unikenet.com\/pt-pt\/cookie-policy\/","og_locale":"pt_PT","og_type":"article","og_title":"Pol\u00edtica de Cookies - Unikenet","og_description":"[vc_row][vc_column][\/vc_column][\/vc_row][vc_row][vc_column][vc_column_text]A UNIKENET, S. A. compromete-se a cumprir a legisla\u00e7\u00e3o em vigor em todos os momentos e de acordo com esta pol\u00edtica de cookies. Por favor, leia atentamente a nossa pol\u00edtica de cookies. O QUE S\u00c3O COOKIES? Como \u00e9 pr\u00e1tica comum em quase todos os sites profissionais, este site usa cookies, que s\u00e3o pequenos arquivos baixados [&hellip;]","og_url":"https:\/\/unikenet.com\/pt-pt\/cookie-policy\/","og_site_name":"Unikenet","article_modified_time":"2024-10-09T10:29:35+00:00","og_image":[{"width":584,"height":70,"url":"https:\/\/unikenet.com\/wp-content\/uploads\/2024\/09\/unikenet-color.png","type":"image\/png"}],"twitter_card":"summary_large_image","twitter_misc":{"Tempo estimado de leitura":"5 minutos"},"schema":{"@context":"https:\/\/schema.org","@graph":[{"@type":"WebPage","@id":"https:\/\/unikenet.com\/pt-pt\/cookie-policy\/","url":"https:\/\/unikenet.com\/pt-pt\/cookie-policy\/","name":"Pol\u00edtica de Cookies - Unikenet","isPartOf":{"@id":"https:\/\/unikenet.com\/pt-pt\/#website"},"datePublished":"2024-10-03T13:51:18+00:00","dateModified":"2024-10-09T10:29:35+00:00","breadcrumb":{"@id":"https:\/\/unikenet.com\/pt-pt\/cookie-policy\/#breadcrumb"},"inLanguage":"pt-PT","potentialAction":[{"@type":"ReadAction","target":["https:\/\/unikenet.com\/pt-pt\/cookie-policy\/"]}]},{"@type":"BreadcrumbList","@id":"https:\/\/unikenet.com\/pt-pt\/cookie-policy\/#breadcrumb","itemListElement":[{"@type":"ListItem","position":1,"name":"Home","item":"https:\/\/unikenet.com\/pt-pt\/"},{"@type":"ListItem","position":2,"name":"Pol\u00edtica de Cookies"}]},{"@type":"WebSite","@id":"https:\/\/unikenet.com\/pt-pt\/#website","url":"https:\/\/unikenet.com\/pt-pt\/","name":"Unikenet","description":"","publisher":{"@id":"https:\/\/unikenet.com\/pt-pt\/#organization"},"potentialAction":[{"@type":"SearchAction","target":{"@type":"EntryPoint","urlTemplate":"https:\/\/unikenet.com\/pt-pt\/?s={search_term_string}"},"query-input":{"@type":"PropertyValueSpecification","valueRequired":true,"valueName":"search_term_string"}}],"inLanguage":"pt-PT"},{"@type":"Organization","@id":"https:\/\/unikenet.com\/pt-pt\/#organization","name":"Unikenet","url":"https:\/\/unikenet.com\/pt-pt\/","logo":{"@type":"ImageObject","inLanguage":"pt-PT","@id":"https:\/\/unikenet.com\/pt-pt\/#\/schema\/logo\/image\/","url":"https:\/\/unikenet.com\/wp-content\/uploads\/2024\/09\/unikenet-color.png","contentUrl":"https:\/\/unikenet.com\/wp-content\/uploads\/2024\/09\/unikenet-color.png","width":584,"height":70,"caption":"Unikenet"},"image":{"@id":"https:\/\/unikenet.com\/pt-pt\/#\/schema\/logo\/image\/"},"sameAs":["https:\/\/pt.linkedin.com\/company\/unikenet"]}]}},"_links":{"self":[{"href":"https:\/\/unikenet.com\/pt-pt\/wp-json\/wp\/v2\/pages\/1188","targetHints":{"allow":["GET"]}}],"collection":[{"href":"https:\/\/unikenet.com\/pt-pt\/wp-json\/wp\/v2\/pages"}],"about":[{"href":"https:\/\/unikenet.com\/pt-pt\/wp-json\/wp\/v2\/types\/page"}],"author":[{"embeddable":true,"href":"https:\/\/unikenet.com\/pt-pt\/wp-json\/wp\/v2\/users\/1"}],"replies":[{"embeddable":true,"href":"https:\/\/unikenet.com\/pt-pt\/wp-json\/wp\/v2\/comments?post=1188"}],"version-history":[{"count":0,"href":"https:\/\/unikenet.com\/pt-pt\/wp-json\/wp\/v2\/pages\/1188\/revisions"}],"wp:attachment":[{"href":"https:\/\/unikenet.com\/pt-pt\/wp-json\/wp\/v2\/media?parent=1188"}],"curies":[{"name":"wp","href":"https:\/\/api.w.org\/{rel}","templated":true}]}}